{"id":26,"date":"2020-09-08T19:10:52","date_gmt":"2020-09-08T19:10:52","guid":{"rendered":"http:\/\/ecommerce.hapsy.co\/?page_id=26"},"modified":"2021-04-13T17:02:59","modified_gmt":"2021-04-13T17:02:59","slug":"terminos-y-condiciones","status":"publish","type":"page","link":"https:\/\/cleanlabcolombia.com\/?page_id=26","title":{"rendered":"T\u00e9rminos y Condiciones"},"content":{"rendered":"\t\t<div data-elementor-type=\"wp-page\" data-elementor-id=\"26\" class=\"elementor elementor-26\">\n\t\t\t\t\t\t<div class=\"elementor-inner\">\n\t\t\t\t<div class=\"elementor-section-wrap\">\n\t\t\t\t\t\t\t\t\t<section class=\"elementor-section elementor-top-section elementor-element elementor-element-786b8ed7 elementor-section-height-min-height elementor-section-boxed elementor-section-height-default elementor-section-items-middle\" data-id=\"786b8ed7\" data-element_type=\"section\" data-settings=\"{&quot;background_background&quot;:&quot;classic&quot;,&quot;shape_divider_bottom&quot;:&quot;triangle&quot;}\">\n\t\t\t\t\t\t\t<div class=\"elementor-background-overlay\"><\/div>\n\t\t\t\t\t\t<div class=\"elementor-shape elementor-shape-bottom\" data-negative=\"false\">\n\t\t\t<svg xmlns=\"http:\/\/www.w3.org\/2000\/svg\" viewBox=\"0 0 1000 100\" preserveAspectRatio=\"none\">\n\t<path class=\"elementor-shape-fill\" d=\"M500,98.9L0,6.1V0h1000v6.1L500,98.9z\"\/>\n<\/svg>\t\t<\/div>\n\t\t\t\t\t<div class=\"elementor-container elementor-column-gap-default\">\n\t\t\t\t\t\t\t<div class=\"elementor-row\">\n\t\t\t\t\t<div class=\"elementor-column elementor-col-100 elementor-top-column elementor-element elementor-element-760dfd18\" data-id=\"760dfd18\" data-element_type=\"column\">\n\t\t\t<div class=\"elementor-column-wrap elementor-element-populated\">\n\t\t\t\t\t\t\t<div class=\"elementor-widget-wrap\">\n\t\t\t\t\t\t<div class=\"elementor-element elementor-element-67347410 elementor-widget elementor-widget-heading\" data-id=\"67347410\" data-element_type=\"widget\" data-widget_type=\"heading.default\">\n\t\t\t\t<div class=\"elementor-widget-container\">\n\t\t\t<h2 class=\"elementor-heading-title elementor-size-default\">T\u00e9rminos y Condiciones<\/h2>\t\t<\/div>\n\t\t\t\t<\/div>\n\t\t\t\t\t\t<\/div>\n\t\t\t\t\t<\/div>\n\t\t<\/div>\n\t\t\t\t\t\t\t\t<\/div>\n\t\t\t\t\t<\/div>\n\t\t<\/section>\n\t\t\t\t<section class=\"elementor-section elementor-top-section elementor-element elementor-element-e208d72 elementor-section-boxed elementor-section-height-default elementor-section-height-default\" data-id=\"e208d72\" data-element_type=\"section\">\n\t\t\t\t\t\t<div class=\"elementor-container elementor-column-gap-default\">\n\t\t\t\t\t\t\t<div class=\"elementor-row\">\n\t\t\t\t\t<div class=\"elementor-column elementor-col-100 elementor-top-column elementor-element elementor-element-34624a5\" data-id=\"34624a5\" data-element_type=\"column\">\n\t\t\t<div class=\"elementor-column-wrap elementor-element-populated\">\n\t\t\t\t\t\t\t<div class=\"elementor-widget-wrap\">\n\t\t\t\t\t\t<div class=\"elementor-element elementor-element-076a841 elementor-widget elementor-widget-text-editor\" data-id=\"076a841\" data-element_type=\"widget\" data-widget_type=\"text-editor.default\">\n\t\t\t\t<div class=\"elementor-widget-container\">\n\t\t\t\t\t\t\t\t<div class=\"elementor-text-editor elementor-clearfix\">\n\t\t\t\t<p>El comprador debe tener claro que al momento de realizar cualquier orden y\/o transacci\u00f3n en CLEANLAB COLOMBIA SAS queda sujeto a estos t\u00e9rminos y condiciones.<\/p><p>No puedes usar nuestros productos con ning\u00fan prop\u00f3sito ilegal o no autorizado tampoco puedes, en el uso del servicio, violar cualquier ley en tu jurisdicci\u00f3n (incluyendo, pero no limitado a las leyes de derecho de autor).<\/p><p>Los precios de nuestros productos est\u00e1n sujetos a cambio sin aviso.<\/p><ol><li>Ning\u00fan producto de CLEANLAB COLOMBIA SAS es reembolsable, por lo que recomendamos leer con detenimiento la descripci\u00f3n o ponerse en contacto con nosotros para asegurarse de que elija el producto correcto.<br \/>2. Al momento de realizar la orden y el pago en CLEANLAB COLOMBIA SAS el comprador est\u00e1 asegurando que es mayor de 18 a\u00f1os y tiene permiso de sus padres para comprar.<br \/>3. Todos los productos estar\u00e1n bajo el poder de CLEANLAB COLOMBIA SAS hasta que se haya realizado el pago completo de los mismos. Los costos de env\u00edo ser\u00e1n notificados antes de confirmar el pago.<br \/>4. La informaci\u00f3n de tarjetas de cr\u00e9dito o d\u00e9bito no ser\u00e1n almacenadas en la base de datos de CLEANLAB COLOMBIA SAS, esta informaci\u00f3n est\u00e1 cifrada y no hay acceso alguno a esta.<br \/>5. Una vez hayamos entregado el producto a la empresa de env\u00edos, le notificaremos el n\u00famero de gu\u00eda y el nombre de la empresa, para poder rastrearlo hasta que llegue a la puerta de su casa.<br \/>6. Tenga en cuenta que pueden ocurrir retrasos, da\u00f1os o p\u00e9rdidas de los productos en el tiempo de entrega, en donde, CLEANLAB COLOMBIA SAS no tiene control ni toma responsabilidad alguna.<br \/>7. Las \u00f3rdenes NO podr\u00e1n ser canceladas una vez hayan sido confirmadas a trav\u00e9s de nuestro sitio web.<\/li><\/ol><p><strong>POL\u00cdTICAS DE ENV\u00cdO.<\/strong><\/p><ol><li>Todos los pedidos se env\u00edan 1 d\u00eda h\u00e1bil despu\u00e9s de que se confirma su compra.<\/li><li>Tenga en cuenta que pueden ocurrir retrasos inesperados, sobre los cuales CLEANLAB COLOMBIA SAS no tiene control y no se hace responsable.<\/li><li>Una vez que se proporcione el n\u00famero de seguimiento, las empresas transportadoras ser\u00e1n las \u00fanicas responsables del env\u00edo y garantes del producto.<\/li><li>CLEANLAB COLOMBIA SAS no se hace responsable de los paquetes da\u00f1ados, perdidos o robados.<\/li><li>Todas nuestras ordenes son enviadas a trav\u00e9s del servicio de Servientrega o Env\u00eda dentro de Colombia con una entrega estimada de 3 a 7 d\u00edas h\u00e1biles. Todas las \u00f3rdenes son procesadas entre semana, de lunes a viernes y se despachan al siguiente d\u00eda h\u00e1bil.<\/li><li>Nuestro despacho m\u00ednimo es por un valor de $49.000.<\/li><\/ol><p><strong>POL\u00cdTICAS DE CAMBIOS Y DEVOLUCIONES:<\/strong><\/p><p>1) Si el comprador nota alg\u00fan defecto en el producto al recibirlo, debe contactarnos inmediatamente a nuestro correo\u00a0hola@cleanlabcolombia.com, imprimir la factura original y adjuntar una foto y una breve descripci\u00f3n de la falla para retornarlo, en este caso CLEANLAB asume los costos de env\u00edo.<br \/>2) Una vez el producto est\u00e9 en nuestro poder, ser\u00e1 inspeccionado por control de calidad y si se considera defectuoso se realizar\u00e1 cambio inmediatamente al cliente.<\/p><p>3) CLEANLAB COLOMBIA SAS no se har\u00e1 responsable si el producto devuelto se pierde, es robado, o da\u00f1ado en el trayecto de regreso a nuestras instalaciones.<br \/>4) Recomendamos devolverlo a trav\u00e9s del servicio de mensajer\u00eda de DHL Express, Fedex, Env\u00eda, Deprisa, Servientrega o alguna empresa de env\u00edos donde el producto pueda ser rastreado para mayor seguridad.<br \/>5) Antes de realizar el cambio de tu producto, por favor cont\u00e1ctanos para confirmar que podamos suplir tu necesidad y tengamos en inventario el producto que est\u00e1s buscando.<\/p>\t\t\t\t\t<\/div>\n\t\t\t\t\t\t<\/div>\n\t\t\t\t<\/div>\n\t\t\t\t\t\t<\/div>\n\t\t\t\t\t<\/div>\n\t\t<\/div>\n\t\t\t\t\t\t\t\t<\/div>\n\t\t\t\t\t<\/div>\n\t\t<\/section>\n\t\t\t\t\t\t\t\t\t<\/div>\n\t\t\t<\/div>\n\t\t\t\t\t<\/div>\n\t\t","protected":false},"excerpt":{"rendered":"<p>T\u00e9rminos y Condiciones El comprador debe tener claro que al momento de realizar cualquier orden y\/o transacci\u00f3n en CLEANLAB COLOMBIA SAS queda sujeto a estos t\u00e9rminos y condiciones. No puedes usar nuestros productos con ning\u00fan prop\u00f3sito ilegal o no autorizado tampoco puedes, en el uso del servicio, violar cualquier ley en tu jurisdicci\u00f3n (incluyendo, pero &hellip; <a href=\"https:\/\/cleanlabcolombia.com\/?page_id=26\" class=\"more-link\">Continue reading <span class=\"screen-reader-text\">T\u00e9rminos y Condiciones<\/span><\/a><\/p>\n","protected":false},"author":1,"featured_media":0,"parent":0,"menu_order":0,"comment_status":"closed","ping_status":"closed","template":"elementor_header_footer","meta":{"_joinchat":[]},"_links":{"self":[{"href":"https:\/\/cleanlabcolombia.com\/index.php?rest_route=\/wp\/v2\/pages\/26"}],"collection":[{"href":"https:\/\/cleanlabcolombia.com\/index.php?rest_route=\/wp\/v2\/pages"}],"about":[{"href":"https:\/\/cleanlabcolombia.com\/index.php?rest_route=\/wp\/v2\/types\/page"}],"author":[{"embeddable":true,"href":"https:\/\/cleanlabcolombia.com\/index.php?rest_route=\/wp\/v2\/users\/1"}],"replies":[{"embeddable":true,"href":"https:\/\/cleanlabcolombia.com\/index.php?rest_route=%2Fwp%2Fv2%2Fcomments&post=26"}],"version-history":[{"count":5,"href":"https:\/\/cleanlabcolombia.com\/index.php?rest_route=\/wp\/v2\/pages\/26\/revisions"}],"predecessor-version":[{"id":1092,"href":"https:\/\/cleanlabcolombia.com\/index.php?rest_route=\/wp\/v2\/pages\/26\/revisions\/1092"}],"wp:attachment":[{"href":"https:\/\/cleanlabcolombia.com\/index.php?rest_route=%2Fwp%2Fv2%2Fmedia&parent=26"}],"curies":[{"name":"wp","href":"https:\/\/api.w.org\/{rel}","templated":true}]}}