{"id":1408,"date":"2023-05-30T23:04:44","date_gmt":"2023-05-30T23:04:44","guid":{"rendered":"https:\/\/cleanlabcolombia.com\/?post_type=product&#038;p=1408"},"modified":"2024-07-19T22:18:19","modified_gmt":"2024-07-19T22:18:19","slug":"jabon-liquido-para-manos-antibacterial-nectar-de-flores-aflorar","status":"publish","type":"product","link":"https:\/\/cleanlabcolombia.com\/?product=jabon-liquido-para-manos-antibacterial-nectar-de-flores-aflorar","title":{"rendered":"Jab\u00f3n L\u00edquido Para Manos Antibacterial N\u00e9ctar de Flores Aflorar"},"content":{"rendered":"","protected":false},"excerpt":{"rendered":"<p>Jab\u00f3n l\u00edquido desinfectante, biodegradable, ideal para la limpieza y suavidad en las manos, contiene agente antibacterial de origen natural. Con un buen uso previene enfermedades que se pueden transmitir mediante contacto con personas, superficies, objetos y alimentos.<\/p>\n<p><strong>\u00daselo en:\u00a0 <\/strong>Lavado y desinfecci\u00f3n de manos en industrias, cl\u00ednicas, hogar, oficinas, instituciones educativas, centros comerciales, sector horeca.<\/p>\n","protected":false},"featured_media":1462,"comment_status":"closed","ping_status":"closed","template":"","meta":{"_joinchat":[]},"product_cat":[38],"product_tag":[],"_links":{"self":[{"href":"https:\/\/cleanlabcolombia.com\/index.php?rest_route=\/wp\/v2\/product\/1408"}],"collection":[{"href":"https:\/\/cleanlabcolombia.com\/index.php?rest_route=\/wp\/v2\/product"}],"about":[{"href":"https:\/\/cleanlabcolombia.com\/index.php?rest_route=\/wp\/v2\/types\/product"}],"replies":[{"embeddable":true,"href":"https:\/\/cleanlabcolombia.com\/index.php?rest_route=%2Fwp%2Fv2%2Fcomments&post=1408"}],"version-history":[{"count":1,"href":"https:\/\/cleanlabcolombia.com\/index.php?rest_route=\/wp\/v2\/product\/1408\/revisions"}],"predecessor-version":[{"id":1415,"href":"https:\/\/cleanlabcolombia.com\/index.php?rest_route=\/wp\/v2\/product\/1408\/revisions\/1415"}],"wp:featuredmedia":[{"embeddable":true,"href":"https:\/\/cleanlabcolombia.com\/index.php?rest_route=\/wp\/v2\/media\/1462"}],"wp:attachment":[{"href":"https:\/\/cleanlabcolombia.com\/index.php?rest_route=%2Fwp%2Fv2%2Fmedia&parent=1408"}],"wp:term":[{"taxonomy":"product_cat","embeddable":true,"href":"https:\/\/cleanlabcolombia.com\/index.php?rest_route=%2Fwp%2Fv2%2Fproduct_cat&post=1408"},{"taxonomy":"product_tag","embeddable":true,"href":"https:\/\/cleanlabcolombia.com\/index.php?rest_route=%2Fwp%2Fv2%2Fproduct_tag&post=1408"}],"curies":[{"name":"wp","href":"https:\/\/api.w.org\/{rel}","templated":true}]}}