{"id":680,"date":"2021-02-04T16:28:56","date_gmt":"2021-02-04T16:28:56","guid":{"rendered":"https:\/\/cleanlabcolombia.com\/producto\/desinfectante-amonio-cuaternario-de-5ta-generacion-limplux\/"},"modified":"2024-07-19T22:39:49","modified_gmt":"2024-07-19T22:39:49","slug":"desinfectante-amonio-cuaternario-de-5ta-generacion-limplux","status":"publish","type":"product","link":"https:\/\/cleanlabcolombia.com\/?product=desinfectante-amonio-cuaternario-de-5ta-generacion-limplux","title":{"rendered":"Desinfectante Amonio Cuaternario de 5TA generaci\u00f3n Limplux"},"content":{"rendered":"","protected":false},"excerpt":{"rendered":"<p>Formulado con amonios cuaternarios 10% 5TA generaci\u00f3n, con acci\u00f3n biocida superior y alto espectro, act\u00faan contra microorganismos microbianos, hongos y Levaduras. Ideal para limpiar superficies en las industrias manufactureras, cl\u00ednicas, hogares, sector horeca, instituciones educativas. Brinda una potente acci\u00f3n germicida a\u00fan en aguas duras y en cargas org\u00e1nicas.<\/p>\n<p><strong>\u00daselo en: <\/strong>Pisos, paredes, cocinas, ba\u00f1os, escaleras, habitaciones.<\/p>\n","protected":false},"featured_media":1437,"comment_status":"closed","ping_status":"closed","template":"","meta":{"_joinchat":[]},"product_cat":[33],"product_tag":[],"_links":{"self":[{"href":"https:\/\/cleanlabcolombia.com\/index.php?rest_route=\/wp\/v2\/product\/680"}],"collection":[{"href":"https:\/\/cleanlabcolombia.com\/index.php?rest_route=\/wp\/v2\/product"}],"about":[{"href":"https:\/\/cleanlabcolombia.com\/index.php?rest_route=\/wp\/v2\/types\/product"}],"replies":[{"embeddable":true,"href":"https:\/\/cleanlabcolombia.com\/index.php?rest_route=%2Fwp%2Fv2%2Fcomments&post=680"}],"version-history":[{"count":2,"href":"https:\/\/cleanlabcolombia.com\/index.php?rest_route=\/wp\/v2\/product\/680\/revisions"}],"predecessor-version":[{"id":1318,"href":"https:\/\/cleanlabcolombia.com\/index.php?rest_route=\/wp\/v2\/product\/680\/revisions\/1318"}],"wp:featuredmedia":[{"embeddable":true,"href":"https:\/\/cleanlabcolombia.com\/index.php?rest_route=\/wp\/v2\/media\/1437"}],"wp:attachment":[{"href":"https:\/\/cleanlabcolombia.com\/index.php?rest_route=%2Fwp%2Fv2%2Fmedia&parent=680"}],"wp:term":[{"taxonomy":"product_cat","embeddable":true,"href":"https:\/\/cleanlabcolombia.com\/index.php?rest_route=%2Fwp%2Fv2%2Fproduct_cat&post=680"},{"taxonomy":"product_tag","embeddable":true,"href":"https:\/\/cleanlabcolombia.com\/index.php?rest_route=%2Fwp%2Fv2%2Fproduct_tag&post=680"}],"curies":[{"name":"wp","href":"https:\/\/api.w.org\/{rel}","templated":true}]}}