{"id":708,"date":"2021-02-04T16:28:56","date_gmt":"2021-02-04T16:28:56","guid":{"rendered":"https:\/\/cleanlabcolombia.com\/producto\/detergente-industrial-neutro-limplux\/"},"modified":"2024-07-19T22:38:33","modified_gmt":"2024-07-19T22:38:33","slug":"detergente-industrial-neutro-limplux","status":"publish","type":"product","link":"https:\/\/cleanlabcolombia.com\/?product=detergente-industrial-neutro-limplux","title":{"rendered":"Detergente Industrial Neutro Limplux"},"content":{"rendered":"","protected":false},"excerpt":{"rendered":"<p>Producto l\u00edquido sin aroma de alta concentraci\u00f3n para limpieza de superficies, con tensoactivo ani\u00f3nico secuestrante y regulador de ph. Especial para remover grasas, suciedad y residuos de alimentos en industria procesadora de alimentos, cl\u00ednicas, aeropuertos, sector horeca, instituciones educativas. Puede ser dosificado manual o autom\u00e1ticamente.<\/p>\n<p><strong>\u00daselo en: <\/strong>Superficies, paredes, equipos de llenado, acero inoxidable y empacadoras.<\/p>\n","protected":false},"featured_media":1504,"comment_status":"closed","ping_status":"closed","template":"","meta":{"_joinchat":[]},"product_cat":[35],"product_tag":[],"_links":{"self":[{"href":"https:\/\/cleanlabcolombia.com\/index.php?rest_route=\/wp\/v2\/product\/708"}],"collection":[{"href":"https:\/\/cleanlabcolombia.com\/index.php?rest_route=\/wp\/v2\/product"}],"about":[{"href":"https:\/\/cleanlabcolombia.com\/index.php?rest_route=\/wp\/v2\/types\/product"}],"replies":[{"embeddable":true,"href":"https:\/\/cleanlabcolombia.com\/index.php?rest_route=%2Fwp%2Fv2%2Fcomments&post=708"}],"version-history":[{"count":2,"href":"https:\/\/cleanlabcolombia.com\/index.php?rest_route=\/wp\/v2\/product\/708\/revisions"}],"predecessor-version":[{"id":1314,"href":"https:\/\/cleanlabcolombia.com\/index.php?rest_route=\/wp\/v2\/product\/708\/revisions\/1314"}],"wp:featuredmedia":[{"embeddable":true,"href":"https:\/\/cleanlabcolombia.com\/index.php?rest_route=\/wp\/v2\/media\/1504"}],"wp:attachment":[{"href":"https:\/\/cleanlabcolombia.com\/index.php?rest_route=%2Fwp%2Fv2%2Fmedia&parent=708"}],"wp:term":[{"taxonomy":"product_cat","embeddable":true,"href":"https:\/\/cleanlabcolombia.com\/index.php?rest_route=%2Fwp%2Fv2%2Fproduct_cat&post=708"},{"taxonomy":"product_tag","embeddable":true,"href":"https:\/\/cleanlabcolombia.com\/index.php?rest_route=%2Fwp%2Fv2%2Fproduct_tag&post=708"}],"curies":[{"name":"wp","href":"https:\/\/api.w.org\/{rel}","templated":true}]}}