{"id":720,"date":"2021-02-04T16:29:00","date_gmt":"2021-02-04T16:29:00","guid":{"rendered":"https:\/\/cleanlabcolombia.com\/producto\/shampoo-para-autos\/"},"modified":"2024-07-19T22:33:14","modified_gmt":"2024-07-19T22:33:14","slug":"shampoo-para-autos","status":"publish","type":"product","link":"https:\/\/cleanlabcolombia.com\/?product=shampoo-para-autos","title":{"rendered":"Shampoo para Autos"},"content":{"rendered":"","protected":false},"excerpt":{"rendered":"<p>Producto dise\u00f1ado para utilizar en el lavado del auto, act\u00faa r\u00e1pidamente garantizando optima limpieza, protecci\u00f3n y brillo del veh\u00edculo.<\/p>\n<p><strong>\u00daselo en: <\/strong>Autos, motos.<\/p>\n","protected":false},"featured_media":1493,"comment_status":"closed","ping_status":"closed","template":"","meta":{"_joinchat":[]},"product_cat":[36],"product_tag":[],"_links":{"self":[{"href":"https:\/\/cleanlabcolombia.com\/index.php?rest_route=\/wp\/v2\/product\/720"}],"collection":[{"href":"https:\/\/cleanlabcolombia.com\/index.php?rest_route=\/wp\/v2\/product"}],"about":[{"href":"https:\/\/cleanlabcolombia.com\/index.php?rest_route=\/wp\/v2\/types\/product"}],"replies":[{"embeddable":true,"href":"https:\/\/cleanlabcolombia.com\/index.php?rest_route=%2Fwp%2Fv2%2Fcomments&post=720"}],"version-history":[{"count":2,"href":"https:\/\/cleanlabcolombia.com\/index.php?rest_route=\/wp\/v2\/product\/720\/revisions"}],"predecessor-version":[{"id":1306,"href":"https:\/\/cleanlabcolombia.com\/index.php?rest_route=\/wp\/v2\/product\/720\/revisions\/1306"}],"wp:featuredmedia":[{"embeddable":true,"href":"https:\/\/cleanlabcolombia.com\/index.php?rest_route=\/wp\/v2\/media\/1493"}],"wp:attachment":[{"href":"https:\/\/cleanlabcolombia.com\/index.php?rest_route=%2Fwp%2Fv2%2Fmedia&parent=720"}],"wp:term":[{"taxonomy":"product_cat","embeddable":true,"href":"https:\/\/cleanlabcolombia.com\/index.php?rest_route=%2Fwp%2Fv2%2Fproduct_cat&post=720"},{"taxonomy":"product_tag","embeddable":true,"href":"https:\/\/cleanlabcolombia.com\/index.php?rest_route=%2Fwp%2Fv2%2Fproduct_tag&post=720"}],"curies":[{"name":"wp","href":"https:\/\/api.w.org\/{rel}","templated":true}]}}