{"id":726,"date":"2021-02-04T16:36:26","date_gmt":"2021-02-04T16:36:26","guid":{"rendered":"https:\/\/cleanlabcolombia.com\/producto\/alcohol-glicerinado-antibacterial-6999-limplux\/"},"modified":"2024-07-19T22:30:16","modified_gmt":"2024-07-19T22:30:16","slug":"alcohol-glicerinado-antibacterial-6999-limplux","status":"publish","type":"product","link":"https:\/\/cleanlabcolombia.com\/?product=alcohol-glicerinado-antibacterial-6999-limplux","title":{"rendered":"Alcohol Glicerinado Antibacterial 69,99% Limplux"},"content":{"rendered":"","protected":false},"excerpt":{"rendered":"<p>Dise\u00f1ado especialmente para utilizar en las manos contiene agentes para proteger y suavizar la piel. Tambi\u00e9n lo puede utilizar en la desinfecci\u00f3n de objetos y superficies garantizando un alto grado de desinfecci\u00f3n eliminando microorganismos. Contiene agente antibacterial de origen natural.<\/p>\n<p><strong>\u00daselo en: \u00a0<\/strong>Desinfecci\u00f3n de manos y superficies en industrias, cl\u00ednicas, hogar, oficinas, instituciones educativas, sector horeca.<\/p>\n","protected":false},"featured_media":1433,"comment_status":"closed","ping_status":"closed","template":"","meta":{"_joinchat":[]},"product_cat":[38],"product_tag":[],"_links":{"self":[{"href":"https:\/\/cleanlabcolombia.com\/index.php?rest_route=\/wp\/v2\/product\/726"}],"collection":[{"href":"https:\/\/cleanlabcolombia.com\/index.php?rest_route=\/wp\/v2\/product"}],"about":[{"href":"https:\/\/cleanlabcolombia.com\/index.php?rest_route=\/wp\/v2\/types\/product"}],"replies":[{"embeddable":true,"href":"https:\/\/cleanlabcolombia.com\/index.php?rest_route=%2Fwp%2Fv2%2Fcomments&post=726"}],"version-history":[{"count":2,"href":"https:\/\/cleanlabcolombia.com\/index.php?rest_route=\/wp\/v2\/product\/726\/revisions"}],"predecessor-version":[{"id":1288,"href":"https:\/\/cleanlabcolombia.com\/index.php?rest_route=\/wp\/v2\/product\/726\/revisions\/1288"}],"wp:featuredmedia":[{"embeddable":true,"href":"https:\/\/cleanlabcolombia.com\/index.php?rest_route=\/wp\/v2\/media\/1433"}],"wp:attachment":[{"href":"https:\/\/cleanlabcolombia.com\/index.php?rest_route=%2Fwp%2Fv2%2Fmedia&parent=726"}],"wp:term":[{"taxonomy":"product_cat","embeddable":true,"href":"https:\/\/cleanlabcolombia.com\/index.php?rest_route=%2Fwp%2Fv2%2Fproduct_cat&post=726"},{"taxonomy":"product_tag","embeddable":true,"href":"https:\/\/cleanlabcolombia.com\/index.php?rest_route=%2Fwp%2Fv2%2Fproduct_tag&post=726"}],"curies":[{"name":"wp","href":"https:\/\/api.w.org\/{rel}","templated":true}]}}