{"id":750,"date":"2021-02-04T16:36:26","date_gmt":"2021-02-04T16:36:26","guid":{"rendered":"https:\/\/cleanlabcolombia.com\/producto\/lavaloza-liquido-limplux\/"},"modified":"2024-07-19T22:31:08","modified_gmt":"2024-07-19T22:31:08","slug":"lavaloza-liquido-limplux","status":"publish","type":"product","link":"https:\/\/cleanlabcolombia.com\/?product=lavaloza-liquido-limplux","title":{"rendered":"LavaLoza L\u00edquido Limplux"},"content":{"rendered":"","protected":false},"excerpt":{"rendered":"<p>Remueve la grasa m\u00e1s dif\u00edcil dejando sus utensilios de cocina limpios y brillantes, ideal para el lavado de todos los utensilios de cocina. Emulsifica la suciedad quit\u00e1ndola f\u00e1cilmente.<\/p>\n<p><strong>\u00daselo en: <\/strong>Utensilios de cocina y cristaler\u00eda en industrias de alimentos, sector horeca, hogar.<\/p>\n","protected":false},"featured_media":1472,"comment_status":"closed","ping_status":"closed","template":"","meta":{"_joinchat":[]},"product_cat":[35],"product_tag":[],"_links":{"self":[{"href":"https:\/\/cleanlabcolombia.com\/index.php?rest_route=\/wp\/v2\/product\/750"}],"collection":[{"href":"https:\/\/cleanlabcolombia.com\/index.php?rest_route=\/wp\/v2\/product"}],"about":[{"href":"https:\/\/cleanlabcolombia.com\/index.php?rest_route=\/wp\/v2\/types\/product"}],"replies":[{"embeddable":true,"href":"https:\/\/cleanlabcolombia.com\/index.php?rest_route=%2Fwp%2Fv2%2Fcomments&post=750"}],"version-history":[{"count":3,"href":"https:\/\/cleanlabcolombia.com\/index.php?rest_route=\/wp\/v2\/product\/750\/revisions"}],"predecessor-version":[{"id":1215,"href":"https:\/\/cleanlabcolombia.com\/index.php?rest_route=\/wp\/v2\/product\/750\/revisions\/1215"}],"wp:featuredmedia":[{"embeddable":true,"href":"https:\/\/cleanlabcolombia.com\/index.php?rest_route=\/wp\/v2\/media\/1472"}],"wp:attachment":[{"href":"https:\/\/cleanlabcolombia.com\/index.php?rest_route=%2Fwp%2Fv2%2Fmedia&parent=750"}],"wp:term":[{"taxonomy":"product_cat","embeddable":true,"href":"https:\/\/cleanlabcolombia.com\/index.php?rest_route=%2Fwp%2Fv2%2Fproduct_cat&post=750"},{"taxonomy":"product_tag","embeddable":true,"href":"https:\/\/cleanlabcolombia.com\/index.php?rest_route=%2Fwp%2Fv2%2Fproduct_tag&post=750"}],"curies":[{"name":"wp","href":"https:\/\/api.w.org\/{rel}","templated":true}]}}